{"id":17,"date":"2025-03-20T17:57:06","date_gmt":"2025-03-20T17:57:06","guid":{"rendered":"https:\/\/fisicomental.com.mx\/?page_id=17"},"modified":"2025-03-24T17:28:55","modified_gmt":"2025-03-24T17:28:55","slug":"quienes-somos","status":"publish","type":"page","link":"https:\/\/fisicomental.com.mx\/index.php\/quienes-somos\/","title":{"rendered":"Quienes Somos"},"content":{"rendered":"\n<p><strong>Tu bienestar, nuestra misi\u00f3n<\/strong><\/p>\n\n\n\n<p><strong>Somos una agencia especializada en entrenamiento personalizado a domicilio, con m\u00e1s de 15 a\u00f1os de experiencia conectando a personas con entrenadores profesionales en todo el pa\u00eds. Nuestro equipo est\u00e1 conformado por m\u00e1s de 500 expertos en salud f\u00edsica, capacitados para brindarte un servicio de calidad, adaptado a tus necesidades, edad y objetivos.<\/strong><\/p>\n\n\n\n<p>Nos enfocamos en ofrecer una experiencia de entrenamiento integral, combinando personalizaci\u00f3n, comodidad y resultados efectivos para que alcances tu mejor versi\u00f3n sin salir de casa.<\/p>\n\n\n\n<p><strong>Elige la modalidad que mejor se adapte a ti<\/strong><\/p>\n\n\n\n<p>\u200b<\/p>\n\n\n\n<p>Ofrecemos diversas opciones de entrenamiento, incluyendo:<br>\u2705 TRX<br>\u2705 Entrenamiento empresarial<br>\u2705 Entrenamiento personal<br>\u2705 Sesiones al aire libre<br>\u2705 Entrenamiento en pareja<br>\u2705 Programas para poblaci\u00f3n especial<br>\u2705 Entrenamiento de f\u00fatbol y m\u00e1s.<\/p>\n\n\n\n<p>\u200b<\/p>\n\n\n\n<p>\u00bfQu\u00e9 necesitas? Cu\u00e9ntanos tu objetivo, \u00a1nosotros te ayudamos a lograrlo!<\/p>\n\n\n\n<p><\/p>\n","protected":false},"excerpt":{"rendered":"<p>Tu bienestar, nuestra misi\u00f3n Somos una agencia especializada en entrenamiento personalizado a domicilio, con m\u00e1s de 15 a\u00f1os de experiencia conectando a personas con entrenadores profesionales en todo el pa\u00eds. Nuestro equipo est\u00e1 conformado por m\u00e1s de 500 expertos en salud f\u00edsica, capacitados para brindarte un servicio de calidad, adaptado a tus necesidades, edad y [&hellip;]<\/p>\n","protected":false},"author":1,"featured_media":0,"parent":0,"menu_order":0,"comment_status":"closed","ping_status":"closed","template":"","meta":{"footnotes":""},"class_list":["post-17","page","type-page","status-publish","hentry"],"blocksy_meta":{"background":{"background_type":"color","background_pattern":"type-1","background_image":{"attachment_id":null,"x":0,"y":0},"gradient":"linear-gradient(135deg,rgba(6,147,227,1) 0%,rgb(155,81,224) 100%)","background_repeat":"repeat","background_size":"auto","background_attachment":"scroll","patternColor":{"default":{"color":"#e5e7ea"}},"overlayColor":{"default":{"color":"CT_CSS_SKIP_RULE"}},"backgroundColor":{"default":{"color":"#17b8cc"}}},"page_structure_type":"type-3","styles_descriptor":{"styles":{"desktop":"[data-prefix=\"single_page\"] {background-color:#17b8cc;background-image:none;}","tablet":"","mobile":""},"google_fonts":[],"version":6}},"_links":{"self":[{"href":"https:\/\/fisicomental.com.mx\/index.php\/wp-json\/wp\/v2\/pages\/17","targetHints":{"allow":["GET"]}}],"collection":[{"href":"https:\/\/fisicomental.com.mx\/index.php\/wp-json\/wp\/v2\/pages"}],"about":[{"href":"https:\/\/fisicomental.com.mx\/index.php\/wp-json\/wp\/v2\/types\/page"}],"author":[{"embeddable":true,"href":"https:\/\/fisicomental.com.mx\/index.php\/wp-json\/wp\/v2\/users\/1"}],"replies":[{"embeddable":true,"href":"https:\/\/fisicomental.com.mx\/index.php\/wp-json\/wp\/v2\/comments?post=17"}],"version-history":[{"count":2,"href":"https:\/\/fisicomental.com.mx\/index.php\/wp-json\/wp\/v2\/pages\/17\/revisions"}],"predecessor-version":[{"id":74,"href":"https:\/\/fisicomental.com.mx\/index.php\/wp-json\/wp\/v2\/pages\/17\/revisions\/74"}],"wp:attachment":[{"href":"https:\/\/fisicomental.com.mx\/index.php\/wp-json\/wp\/v2\/media?parent=17"}],"curies":[{"name":"wp","href":"https:\/\/api.w.org\/{rel}","templated":true}]}}